{"id":12,"date":"2025-01-23T12:14:39","date_gmt":"2025-01-23T09:14:39","guid":{"rendered":"https:\/\/adayform.kapadokya.edu.tr\/?page_id=12"},"modified":"2026-04-08T10:53:15","modified_gmt":"2026-04-08T07:53:15","slug":"anasayfa","status":"publish","type":"page","link":"https:\/\/adayform.kapadokya.edu.tr\/","title":{"rendered":"Anasayfa"},"content":{"rendered":"\t\t<div data-elementor-type=\"wp-page\" data-elementor-id=\"12\" class=\"elementor elementor-12\">\n\t\t\t\t<div class=\"elementor-element elementor-element-351af6e e-con-full e-flex e-con e-parent\" data-id=\"351af6e\" data-element_type=\"container\">\n\t\t<div class=\"elementor-element elementor-element-061c913 e-con-full elementor-hidden-tablet elementor-hidden-mobile e-flex e-con e-child\" data-id=\"061c913\" data-element_type=\"container\" data-settings=\"{&quot;background_background&quot;:&quot;slideshow&quot;,&quot;background_slideshow_gallery&quot;:[{&quot;id&quot;:14,&quot;url&quot;:&quot;https:\\\/\\\/adayform.kapadokya.edu.tr\\\/wp-content\\\/uploads\\\/2025\\\/01\\\/2.jpg&quot;},{&quot;id&quot;:15,&quot;url&quot;:&quot;https:\\\/\\\/adayform.kapadokya.edu.tr\\\/wp-content\\\/uploads\\\/2025\\\/01\\\/AL077E1.jpg&quot;},{&quot;id&quot;:16,&quot;url&quot;:&quot;https:\\\/\\\/adayform.kapadokya.edu.tr\\\/wp-content\\\/uploads\\\/2025\\\/01\\\/iktisadi_ve_idari_bilimler_IMG_9551.jpg&quot;},{&quot;id&quot;:17,&quot;url&quot;:&quot;https:\\\/\\\/adayform.kapadokya.edu.tr\\\/wp-content\\\/uploads\\\/2025\\\/01\\\/IMG_2727.jpg&quot;}],&quot;background_slideshow_loop&quot;:&quot;yes&quot;,&quot;background_slideshow_slide_duration&quot;:5000,&quot;background_slideshow_slide_transition&quot;:&quot;fade&quot;,&quot;background_slideshow_transition_duration&quot;:500}\">\n\t\t\t\t<\/div>\n\t\t<div class=\"elementor-element elementor-element-9de4a15 e-con-full e-flex e-con e-child\" data-id=\"9de4a15\" data-element_type=\"container\">\n\t\t\t\t<div class=\"elementor-element elementor-element-f7f8afd elementor-widget elementor-widget-image\" data-id=\"f7f8afd\" data-element_type=\"widget\" data-widget_type=\"image.default\">\n\t\t\t\t<div class=\"elementor-widget-container\">\n\t\t\t\t\t\t\t\t\t\t\t\t\t\t\t<img decoding=\"async\" width=\"300\" height=\"66\" src=\"https:\/\/adayform.kapadokya.edu.tr\/wp-content\/uploads\/2025\/01\/kun-logo.png\" class=\"attachment-large size-large wp-image-24\" alt=\"\" \/>\t\t\t\t\t\t\t\t\t\t\t\t\t\t\t<\/div>\n\t\t\t\t<\/div>\n\t\t\t\t<div class=\"elementor-element elementor-element-6a36530 elementor-widget elementor-widget-shortcode\" data-id=\"6a36530\" data-element_type=\"widget\" data-widget_type=\"shortcode.default\">\n\t\t\t\t<div class=\"elementor-widget-container\">\n\t\t\t\t\t\t\t<div class=\"elementor-shortcode\">\n<div class=\"wpcf7 no-js\" id=\"wpcf7-f9-o1\" lang=\"tr-TR\" dir=\"ltr\" data-wpcf7-id=\"9\">\n<div class=\"screen-reader-response\"><p role=\"status\" aria-live=\"polite\" aria-atomic=\"true\"><\/p> <ul><\/ul><\/div>\n<form action=\"\/index.php\/wp-json\/wp\/v2\/pages\/12#wpcf7-f9-o1\" method=\"post\" class=\"wpcf7-form init\" aria-label=\"\u0130leti\u015fim Formu\" novalidate=\"novalidate\" data-status=\"init\">\n<div style=\"display: none;\">\n<input type=\"hidden\" name=\"_wpcf7\" value=\"9\" \/>\n<input type=\"hidden\" name=\"_wpcf7_version\" value=\"6.0.3\" \/>\n<input type=\"hidden\" name=\"_wpcf7_locale\" value=\"tr_TR\" \/>\n<input type=\"hidden\" name=\"_wpcf7_unit_tag\" value=\"wpcf7-f9-o1\" \/>\n<input type=\"hidden\" name=\"_wpcf7_container_post\" value=\"0\" \/>\n<input type=\"hidden\" name=\"_wpcf7_posted_data_hash\" value=\"\" \/>\n<\/div>\n<p><span style=\"font-weight:500;\">Programlar\u0131m\u0131z hakk\u0131nda detayl\u0131 bilgi almak i\u00e7in formu doldurun, sizi hemen arayal\u0131m.<span><br \/>\n<a href=\"https:\/\/kapadokya.edu.tr\/ogrenci-adaylari\" target=\"_blank\">kapadokya.edu.tr\/ogrenci-adaylari<\/a><br \/>\n<\/span><\/span>\n<\/p>\n<div class=\"cont-form\">\n\t<div style=\"display:none;\">\n\t\t<p><span class=\"wpcf7-form-control-wrap\" data-name=\"your-subject\"><input size=\"40\" maxlength=\"400\" class=\"wpcf7-form-control wpcf7-text\" aria-invalid=\"false\" value=\"Kapadokyadent Ba\u015fvuru Formu\" type=\"text\" name=\"your-subject\" \/><\/span>\n\t\t<\/p>\n\t<\/div>\n\t<div class=\"floating-input\">\n\t\t<p><span class=\"wpcf7-form-control-wrap\" data-name=\"your-name\"><input size=\"40\" maxlength=\"400\" class=\"wpcf7-form-control wpcf7-text wpcf7-validates-as-required\" aria-required=\"true\" aria-invalid=\"false\" value=\"\" type=\"text\" name=\"your-name\" \/><\/span><br \/>\n<label for=\"your-name\">\u0130sim Soyisim<\/label>\n\t\t<\/p>\n\t<\/div>\n\t<div class=\"floating-input\">\n\t\t<p><span class=\"wpcf7-form-control-wrap\" data-name=\"email-389\"><input size=\"40\" maxlength=\"400\" class=\"wpcf7-form-control wpcf7-email wpcf7-text wpcf7-validates-as-email\" aria-invalid=\"false\" value=\"\" type=\"email\" name=\"email-389\" \/><\/span><br \/>\n<label for=\"your-name\">E-posta<\/label>\n\t\t<\/p>\n\t<\/div>\n\t<div class=\"genislik\">\n\t\t<p><span class=\"wpcf7-form-control-wrap\" data-name=\"tel-142\"><input size=\"40\" maxlength=\"10\" minlength=\"10\" class=\"wpcf7-form-control wpcf7-phonetext wpcf7-text wpcf7-validates-as-phonetext\" id=\"tel-142\" aria-invalid=\"false\" value=\"\" type=\"text\" name=\"tel-142\" \/><input type=\"hidden\" name=\"tel-142-country-code\" class=\"wpcf7-phonetext-country-code\" \/><\/span>\n\t\t<\/p>\n\t<\/div>\n\t<p><span class=\"wpcf7-form-control-wrap\" data-name=\"acceptance-644\"><span class=\"wpcf7-form-control wpcf7-acceptance\"><span class=\"wpcf7-list-item\"><label><input type=\"checkbox\" name=\"acceptance-644\" value=\"1\" aria-invalid=\"false\" \/><span class=\"wpcf7-list-item-label\"><a href=\"https:\/\/kapadokya.edu.tr\/hakkimizda\/kisisel-verilerin-korunmasi\" target=\"_blank\">Ba\u015fvuru Ko\u015fullar\u0131n\u0131 <\/a> Okudum Kabul Ettim<\/span><\/label><\/span><\/span><\/span>\n\t<\/p>\n\t<div class=\"genislik\">\n\t\t<p><span class=\"wpcf7-form-control-wrap\" data-name=\"quiz-742\"><label><span class=\"wpcf7-quiz-label\">6 + 5<\/span> <input size=\"40\" class=\"wpcf7-form-control wpcf7-quiz\" autocomplete=\"off\" aria-required=\"true\" aria-invalid=\"false\" type=\"text\" name=\"quiz-742\" \/><\/label><input type=\"hidden\" name=\"_wpcf7_quiz_answer_quiz-742\" value=\"e38c20f19e31c5823c967911dffef7ca\" \/><\/span>\n\t\t<\/p>\n\t<\/div>\n<\/div>\n<p><input class=\"wpcf7-form-control wpcf7-submit has-spinner\" type=\"submit\" value=\"G\u00f6nder\" \/>\n<\/p><div class=\"wpcf7-response-output\" aria-hidden=\"true\"><\/div>\n<\/form>\n<\/div>\n<\/div>\n\t\t\t\t\t\t<\/div>\n\t\t\t\t<\/div>\n\t\t\t\t<\/div>\n\t\t\t\t<\/div>\n\t\t\t\t<\/div>\n\t\t","protected":false},"excerpt":{"rendered":"","protected":false},"author":1,"featured_media":0,"parent":0,"menu_order":0,"comment_status":"closed","ping_status":"closed","template":"elementor_canvas","meta":{"site-sidebar-layout":"no-sidebar","site-content-layout":"","ast-site-content-layout":"full-width-container","site-content-style":"default","site-sidebar-style":"default","ast-global-header-display":"","ast-banner-title-visibility":"","ast-main-header-display":"","ast-hfb-above-header-display":"","ast-hfb-below-header-display":"","ast-hfb-mobile-header-display":"","site-post-title":"disabled","ast-breadcrumbs-content":"","ast-featured-img":"disabled","footer-sml-layout":"","theme-transparent-header-meta":"","adv-header-id-meta":"","stick-header-meta":"","header-above-stick-meta":"","header-main-stick-meta":"","header-below-stick-meta":"","astra-migrate-meta-layouts":"default","ast-page-background-enabled":"default","ast-page-background-meta":{"desktop":{"background-color":"var(--ast-global-color-5)","background-image":"","background-repeat":"repeat","background-position":"center center","background-size":"auto","background-attachment":"scroll","background-type":"","background-media":"","overlay-type":"","overlay-color":"","overlay-opacity":"","overlay-gradient":""},"tablet":{"background-color":"","background-image":"","background-repeat":"repeat","background-position":"center center","background-size":"auto","background-attachment":"scroll","background-type":"","background-media":"","overlay-type":"","overlay-color":"","overlay-opacity":"","overlay-gradient":""},"mobile":{"background-color":"","background-image":"","background-repeat":"repeat","background-position":"center center","background-size":"auto","background-attachment":"scroll","background-type":"","background-media":"","overlay-type":"","overlay-color":"","overlay-opacity":"","overlay-gradient":""}},"ast-content-background-meta":{"desktop":{"background-color":"var(--ast-global-color-4)","background-image":"","background-repeat":"repeat","background-position":"center center","background-size":"auto","background-attachment":"scroll","background-type":"","background-media":"","overlay-type":"","overlay-color":"","overlay-opacity":"","overlay-gradient":""},"tablet":{"background-color":"var(--ast-global-color-4)","background-image":"","background-repeat":"repeat","background-position":"center center","background-size":"auto","background-attachment":"scroll","background-type":"","background-media":"","overlay-type":"","overlay-color":"","overlay-opacity":"","overlay-gradient":""},"mobile":{"background-color":"var(--ast-global-color-4)","background-image":"","background-repeat":"repeat","background-position":"center center","background-size":"auto","background-attachment":"scroll","background-type":"","background-media":"","overlay-type":"","overlay-color":"","overlay-opacity":"","overlay-gradient":""}},"footnotes":""},"class_list":["post-12","page","type-page","status-publish","hentry"],"_links":{"self":[{"href":"https:\/\/adayform.kapadokya.edu.tr\/index.php\/wp-json\/wp\/v2\/pages\/12","targetHints":{"allow":["GET"]}}],"collection":[{"href":"https:\/\/adayform.kapadokya.edu.tr\/index.php\/wp-json\/wp\/v2\/pages"}],"about":[{"href":"https:\/\/adayform.kapadokya.edu.tr\/index.php\/wp-json\/wp\/v2\/types\/page"}],"author":[{"embeddable":true,"href":"https:\/\/adayform.kapadokya.edu.tr\/index.php\/wp-json\/wp\/v2\/users\/1"}],"replies":[{"embeddable":true,"href":"https:\/\/adayform.kapadokya.edu.tr\/index.php\/wp-json\/wp\/v2\/comments?post=12"}],"version-history":[{"count":22,"href":"https:\/\/adayform.kapadokya.edu.tr\/index.php\/wp-json\/wp\/v2\/pages\/12\/revisions"}],"predecessor-version":[{"id":94,"href":"https:\/\/adayform.kapadokya.edu.tr\/index.php\/wp-json\/wp\/v2\/pages\/12\/revisions\/94"}],"wp:attachment":[{"href":"https:\/\/adayform.kapadokya.edu.tr\/index.php\/wp-json\/wp\/v2\/media?parent=12"}],"curies":[{"name":"wp","href":"https:\/\/api.w.org\/{rel}","templated":true}]}}